{"id":3239,"date":"2024-09-10T07:55:35","date_gmt":"2024-09-10T05:55:35","guid":{"rendered":"https:\/\/nordicamenities.eu\/toode\/juukse-ja-kehasampoon-500ml-b-natural\/"},"modified":"2024-09-10T07:55:42","modified_gmt":"2024-09-10T05:55:42","slug":"juukse-ja-kehasampoon-500ml-b-natural","status":"publish","type":"product","link":"https:\/\/nordicamenities.com\/lv\/toode\/juukse-ja-kehasampoon-500ml-b-natural\/","title":{"rendered":"Juukse- Ja Keha\u0161ampoon 500ml B NATURAL"},"content":{"rendered":"","protected":false},"excerpt":{"rendered":"<p>B NATURAL on kosmeetikasari sari neile, kes soovivad pakkuda oma k\u00fclalistele looduslikku kosmeetikat. Vegan koostistega, mis sisaldab v\u00e4hemalt 95% loodusliku p\u00e4ritoluga tooraineid, mis hoolitsevad \u00f5rnalt naha ja juuste eest, samas kui selle 100% taaskasutatud materjalist valmistatud pakend on p\u00fchendunud n\u00fc\u00fcdseks olulisele rollile meie planeedi kaitsmisel.<br \/>\nKOSMEETIKA ON TOODETUD ITAALIAS.<\/p>\n","protected":false},"featured_media":3041,"comment_status":"closed","ping_status":"open","template":"","meta":{"_acf_changed":false},"product_brand":[],"product_cat":[213,218,217],"product_tag":[194],"class_list":{"0":"post-3239","1":"product","2":"type-product","3":"status-publish","4":"has-post-thumbnail","6":"product_cat-b-natural","7":"product_cat-b-natural-pump-dosaator","8":"product_cat-pump-dosaator","9":"product_tag-juukse-ja-keha","11":"first","12":"instock","13":"taxable","14":"shipping-taxable","15":"purchasable","16":"product-type-simple"},"group_of_quantity":12,"min_quantity":12,"max_quantity":"","exclude_order_quantity_value_rules":"no","exclude_category_quantity_rules":"no","combine_variations":"no","acf":[],"_links":{"self":[{"href":"https:\/\/nordicamenities.com\/lv\/wp-json\/wp\/v2\/product\/3239","targetHints":{"allow":["GET"]}}],"collection":[{"href":"https:\/\/nordicamenities.com\/lv\/wp-json\/wp\/v2\/product"}],"about":[{"href":"https:\/\/nordicamenities.com\/lv\/wp-json\/wp\/v2\/types\/product"}],"replies":[{"embeddable":true,"href":"https:\/\/nordicamenities.com\/lv\/wp-json\/wp\/v2\/comments?post=3239"}],"wp:featuredmedia":[{"embeddable":true,"href":"https:\/\/nordicamenities.com\/lv\/wp-json\/wp\/v2\/media\/3041"}],"wp:attachment":[{"href":"https:\/\/nordicamenities.com\/lv\/wp-json\/wp\/v2\/media?parent=3239"}],"wp:term":[{"taxonomy":"product_brand","embeddable":true,"href":"https:\/\/nordicamenities.com\/lv\/wp-json\/wp\/v2\/product_brand?post=3239"},{"taxonomy":"product_cat","embeddable":true,"href":"https:\/\/nordicamenities.com\/lv\/wp-json\/wp\/v2\/product_cat?post=3239"},{"taxonomy":"product_tag","embeddable":true,"href":"https:\/\/nordicamenities.com\/lv\/wp-json\/wp\/v2\/product_tag?post=3239"}],"curies":[{"name":"wp","href":"https:\/\/api.w.org\/{rel}","templated":true}]}}