{"id":3248,"date":"2024-09-10T07:55:47","date_gmt":"2024-09-10T05:55:47","guid":{"rendered":"https:\/\/nordicamenities.eu\/toode\/seep-15g-havana\/"},"modified":"2024-09-10T07:55:50","modified_gmt":"2024-09-10T05:55:50","slug":"seep-15g-havana","status":"publish","type":"product","link":"https:\/\/nordicamenities.com\/lv\/toode\/seep-15g-havana\/","title":{"rendered":"Seep 15g HAVANA"},"content":{"rendered":"","protected":false},"excerpt":{"rendered":"<p>HAVANA \u2013 hotellikosmeetika sari, mille kosutavad ja ergastavad aroomid on inspireeritud thalassoteraapiast, koostisained, mis aitavad v\u00f5idelda stressi ja v\u00e4simuse vastu. K\u00f5ik teraapia eelised, mis p\u00e4rit juba iidsetest aegadest on kombineeritud oligoelementide konsentraatidest, v\u00e4ga niisutavad ja remineraliseerivad. Selle eriline aroom kutsub meelde koloniaalseid l\u00f5hnu, muutes Havana h\u00e4mastavalt eksootiliseks sarjaks.<\/p>\n","protected":false},"featured_media":3117,"comment_status":"closed","ping_status":"open","template":"","meta":{"_acf_changed":false},"product_brand":[],"product_cat":[220],"product_tag":[46],"class_list":{"0":"post-3248","1":"product","2":"type-product","3":"status-publish","4":"has-post-thumbnail","6":"product_cat-havana","7":"product_tag-seep","9":"first","10":"instock","11":"taxable","12":"shipping-taxable","13":"purchasable","14":"product-type-simple"},"group_of_quantity":500,"min_quantity":500,"max_quantity":"","exclude_order_quantity_value_rules":"no","exclude_category_quantity_rules":"no","combine_variations":"no","acf":[],"_links":{"self":[{"href":"https:\/\/nordicamenities.com\/lv\/wp-json\/wp\/v2\/product\/3248","targetHints":{"allow":["GET"]}}],"collection":[{"href":"https:\/\/nordicamenities.com\/lv\/wp-json\/wp\/v2\/product"}],"about":[{"href":"https:\/\/nordicamenities.com\/lv\/wp-json\/wp\/v2\/types\/product"}],"replies":[{"embeddable":true,"href":"https:\/\/nordicamenities.com\/lv\/wp-json\/wp\/v2\/comments?post=3248"}],"wp:featuredmedia":[{"embeddable":true,"href":"https:\/\/nordicamenities.com\/lv\/wp-json\/wp\/v2\/media\/3117"}],"wp:attachment":[{"href":"https:\/\/nordicamenities.com\/lv\/wp-json\/wp\/v2\/media?parent=3248"}],"wp:term":[{"taxonomy":"product_brand","embeddable":true,"href":"https:\/\/nordicamenities.com\/lv\/wp-json\/wp\/v2\/product_brand?post=3248"},{"taxonomy":"product_cat","embeddable":true,"href":"https:\/\/nordicamenities.com\/lv\/wp-json\/wp\/v2\/product_cat?post=3248"},{"taxonomy":"product_tag","embeddable":true,"href":"https:\/\/nordicamenities.com\/lv\/wp-json\/wp\/v2\/product_tag?post=3248"}],"curies":[{"name":"wp","href":"https:\/\/api.w.org\/{rel}","templated":true}]}}