{"id":3260,"date":"2024-09-10T07:55:47","date_gmt":"2024-09-10T05:55:47","guid":{"rendered":"https:\/\/nordicamenities.eu\/toode\/sampoon-22ml-aloesir\/"},"modified":"2024-09-10T07:55:54","modified_gmt":"2024-09-10T05:55:54","slug":"sampoon-22ml-aloesir","status":"publish","type":"product","link":"https:\/\/nordicamenities.com\/lv\/toode\/sampoon-22ml-aloesir\/","title":{"rendered":"\u0160ampoon 22ml ALOESIR"},"content":{"rendered":"","protected":false},"excerpt":{"rendered":"<p>&#8220;ALOESIR: eliksiir, mis rikastab keha lummava heaolutundega. Ilu selle k\u00f5ige loomulikumas koostises. \u00dches\u00f5naga, Aloesir. Sari, mis r\u00e4\u00e4gib orgaanilise aloe vera k\u00f5igist v\u00e4\u00e4rtuslikest eelistest. Koostisosa, mida hinnatakse ja otsitakse iidsetest aegadest, t\u00e4nu oma antioks\u00fcdantsele, elastsele, toniseerivale ja rahustavale omadustele.<\/p>\n<p>L\u00d5HNAP\u00dcRAMIID<br \/>\nL\u00f5hnateekonna alustamiseks n\u00fc\u00fcd r\u00f5hutatud tsitruselised apelsini, sidruni ja mandariini noodid. L\u00f5hn, mis kattub k\u00f6\u00f6mne v\u00e4rskusega ning pehmendub vanilje, valge muskuse, seedripuu ja kardemoniga.<\/p>\n","protected":false},"featured_media":2977,"comment_status":"closed","ping_status":"open","template":"","meta":{"_acf_changed":false},"product_brand":[],"product_cat":[225],"product_tag":[42],"class_list":{"0":"post-3260","1":"product","2":"type-product","3":"status-publish","4":"has-post-thumbnail","6":"product_cat-aloesir","7":"product_tag-sampoon","9":"first","10":"instock","11":"taxable","12":"shipping-taxable","13":"purchasable","14":"product-type-simple"},"group_of_quantity":600,"min_quantity":600,"max_quantity":"","exclude_order_quantity_value_rules":"no","exclude_category_quantity_rules":"no","combine_variations":"no","acf":[],"_links":{"self":[{"href":"https:\/\/nordicamenities.com\/lv\/wp-json\/wp\/v2\/product\/3260","targetHints":{"allow":["GET"]}}],"collection":[{"href":"https:\/\/nordicamenities.com\/lv\/wp-json\/wp\/v2\/product"}],"about":[{"href":"https:\/\/nordicamenities.com\/lv\/wp-json\/wp\/v2\/types\/product"}],"replies":[{"embeddable":true,"href":"https:\/\/nordicamenities.com\/lv\/wp-json\/wp\/v2\/comments?post=3260"}],"wp:featuredmedia":[{"embeddable":true,"href":"https:\/\/nordicamenities.com\/lv\/wp-json\/wp\/v2\/media\/2977"}],"wp:attachment":[{"href":"https:\/\/nordicamenities.com\/lv\/wp-json\/wp\/v2\/media?parent=3260"}],"wp:term":[{"taxonomy":"product_brand","embeddable":true,"href":"https:\/\/nordicamenities.com\/lv\/wp-json\/wp\/v2\/product_brand?post=3260"},{"taxonomy":"product_cat","embeddable":true,"href":"https:\/\/nordicamenities.com\/lv\/wp-json\/wp\/v2\/product_cat?post=3260"},{"taxonomy":"product_tag","embeddable":true,"href":"https:\/\/nordicamenities.com\/lv\/wp-json\/wp\/v2\/product_tag?post=3260"}],"curies":[{"name":"wp","href":"https:\/\/api.w.org\/{rel}","templated":true}]}}