{"id":3285,"date":"2024-09-10T07:56:09","date_gmt":"2024-09-10T05:56:09","guid":{"rendered":"https:\/\/nordicamenities.eu\/toode\/juukse-ja-kehasampoon-300ml-argan-source\/"},"modified":"2024-09-10T07:56:13","modified_gmt":"2024-09-10T05:56:13","slug":"juukse-ja-kehasampoon-300ml-argan-source","status":"publish","type":"product","link":"https:\/\/nordicamenities.com\/lv\/toode\/juukse-ja-kehasampoon-300ml-argan-source\/","title":{"rendered":"Juukse- Ja Keha\u0161ampoon 300ml ARGAN SOURCE"},"content":{"rendered":"","protected":false},"excerpt":{"rendered":"<p>ARGAN SOURCE hotellikoseetika sari, mis sisaldab argaania\u00f5li, eliksiir, millest on saanud kosmeetikatoodete \u201cmust have\u201d komponent t\u00e4nu oma antioks\u00fcdandilistele, pehmendavatele ja niisutavatele omadustele.<br \/>\nElegantsed satiinmati viimistlusega pudelid ja intrrigeerivad l\u00f5hnad \u00fcmbritsevad Teie k\u00fclalisi Morocco kuldsete k\u00f5rbede salap\u00e4rase atmosf\u00e4\u00e4riga.<br \/>\nKOSMEETKIA ON TOODETUD ITAALIAS.<\/p>\n","protected":false},"featured_media":3009,"comment_status":"closed","ping_status":"open","template":"","meta":{"_acf_changed":false},"product_brand":[],"product_cat":[232,229,217],"product_tag":[194],"class_list":{"0":"post-3285","1":"product","2":"type-product","3":"status-publish","4":"has-post-thumbnail","6":"product_cat-argan-pump-dosaator","7":"product_cat-argan-source","8":"product_cat-pump-dosaator","9":"product_tag-juukse-ja-keha","11":"first","12":"instock","13":"taxable","14":"shipping-taxable","15":"purchasable","16":"product-type-simple"},"group_of_quantity":20,"min_quantity":20,"max_quantity":"","exclude_order_quantity_value_rules":"no","exclude_category_quantity_rules":"no","combine_variations":"no","acf":[],"_links":{"self":[{"href":"https:\/\/nordicamenities.com\/lv\/wp-json\/wp\/v2\/product\/3285","targetHints":{"allow":["GET"]}}],"collection":[{"href":"https:\/\/nordicamenities.com\/lv\/wp-json\/wp\/v2\/product"}],"about":[{"href":"https:\/\/nordicamenities.com\/lv\/wp-json\/wp\/v2\/types\/product"}],"replies":[{"embeddable":true,"href":"https:\/\/nordicamenities.com\/lv\/wp-json\/wp\/v2\/comments?post=3285"}],"wp:featuredmedia":[{"embeddable":true,"href":"https:\/\/nordicamenities.com\/lv\/wp-json\/wp\/v2\/media\/3009"}],"wp:attachment":[{"href":"https:\/\/nordicamenities.com\/lv\/wp-json\/wp\/v2\/media?parent=3285"}],"wp:term":[{"taxonomy":"product_brand","embeddable":true,"href":"https:\/\/nordicamenities.com\/lv\/wp-json\/wp\/v2\/product_brand?post=3285"},{"taxonomy":"product_cat","embeddable":true,"href":"https:\/\/nordicamenities.com\/lv\/wp-json\/wp\/v2\/product_cat?post=3285"},{"taxonomy":"product_tag","embeddable":true,"href":"https:\/\/nordicamenities.com\/lv\/wp-json\/wp\/v2\/product_tag?post=3285"}],"curies":[{"name":"wp","href":"https:\/\/api.w.org\/{rel}","templated":true}]}}