{"id":3312,"date":"2024-09-10T07:56:29","date_gmt":"2024-09-10T05:56:29","guid":{"rendered":"https:\/\/nordicamenities.eu\/toode\/ihupiim-30ml-tea-matcha\/"},"modified":"2024-09-10T07:56:31","modified_gmt":"2024-09-10T05:56:31","slug":"ihupiim-30ml-tea-matcha","status":"publish","type":"product","link":"https:\/\/nordicamenities.com\/lv\/toode\/ihupiim-30ml-tea-matcha\/","title":{"rendered":"Ihupiim 30ml TEA MATCHA"},"content":{"rendered":"","protected":false},"excerpt":{"rendered":"<p>TEA MACHA \u2013 eksklusiive hotellikosmeetika sari macha tee aroomiga.<br \/>\nKaasaegses stiilis sari on disainitud v\u00f5lumaks hotellide k\u00fclalisi koos oma rafineeritud Macha tee aroomiga. Rohelised, tsitruselised ja aromaatsed noodid segunevad, et luua \u00e4\u00e4rmiselt elegantset l\u00f5hna. Pehme ja \u00f5rna tekstuuriga koostis on rikastatud Macha tee ekstraktiga, mida nimetetakse Jaapani roheliseks teeks \u2013 juuste- ja kehahoolduse v\u00e4\u00e4rtuslik koostisosa t\u00e4nu oma vitamiinide, mineraalide, pol\u00fcfenoolide sisalduse poolest. Macha tee on tuntud ka oma antioks\u00fcdandiliste, antibakteriaalsete, toitvate ja rahusavate omduste poolest. Tea Macha on ideaalne kollektsioon, mis pakub kehale ja vaimume l\u00f5\u00f5gastmise ja heaolu hetki.<\/p>\n","protected":false},"featured_media":3185,"comment_status":"closed","ping_status":"open","template":"","meta":{"_acf_changed":false},"product_brand":[],"product_cat":[236],"product_tag":[45],"class_list":{"0":"post-3312","1":"product","2":"type-product","3":"status-publish","4":"has-post-thumbnail","6":"product_cat-tea-matcha","7":"product_tag-ihupiim","9":"first","10":"instock","11":"taxable","12":"shipping-taxable","13":"purchasable","14":"product-type-simple"},"group_of_quantity":384,"min_quantity":384,"max_quantity":"","exclude_order_quantity_value_rules":"no","exclude_category_quantity_rules":"no","combine_variations":"no","acf":[],"_links":{"self":[{"href":"https:\/\/nordicamenities.com\/lv\/wp-json\/wp\/v2\/product\/3312","targetHints":{"allow":["GET"]}}],"collection":[{"href":"https:\/\/nordicamenities.com\/lv\/wp-json\/wp\/v2\/product"}],"about":[{"href":"https:\/\/nordicamenities.com\/lv\/wp-json\/wp\/v2\/types\/product"}],"replies":[{"embeddable":true,"href":"https:\/\/nordicamenities.com\/lv\/wp-json\/wp\/v2\/comments?post=3312"}],"wp:featuredmedia":[{"embeddable":true,"href":"https:\/\/nordicamenities.com\/lv\/wp-json\/wp\/v2\/media\/3185"}],"wp:attachment":[{"href":"https:\/\/nordicamenities.com\/lv\/wp-json\/wp\/v2\/media?parent=3312"}],"wp:term":[{"taxonomy":"product_brand","embeddable":true,"href":"https:\/\/nordicamenities.com\/lv\/wp-json\/wp\/v2\/product_brand?post=3312"},{"taxonomy":"product_cat","embeddable":true,"href":"https:\/\/nordicamenities.com\/lv\/wp-json\/wp\/v2\/product_cat?post=3312"},{"taxonomy":"product_tag","embeddable":true,"href":"https:\/\/nordicamenities.com\/lv\/wp-json\/wp\/v2\/product_tag?post=3312"}],"curies":[{"name":"wp","href":"https:\/\/api.w.org\/{rel}","templated":true}]}}