{"id":3319,"date":"2024-09-10T07:56:29","date_gmt":"2024-09-10T05:56:29","guid":{"rendered":"https:\/\/nordicamenities.eu\/toode\/sampoon-33ml-profumeria-inglese\/"},"modified":"2024-09-10T07:56:33","modified_gmt":"2024-09-10T05:56:33","slug":"sampoon-33ml-profumeria-inglese","status":"publish","type":"product","link":"https:\/\/nordicamenities.com\/lv\/toode\/sampoon-33ml-profumeria-inglese\/","title":{"rendered":"\u0160ampoon 33ml PROFUMERIA INGLESE"},"content":{"rendered":"","protected":false},"excerpt":{"rendered":"<p>Iidne traditsioon. \u00d5ilas ajalugu. Ikooniline looming, milles on \u00fchendatud hoolikas taimne inspiratsioon elegantse Made in Italy kvaliteediga.<\/p>\n<p>L\u00d5HNAP\u00dcRAMIID<br \/>\nProfumeria Inglese sarja iseloomustavad lavendli ja piparm\u00fcndi elavad noodid. Lillede aroomid, mis on segatud jasmiini, kannikeselehtede ja geraaniumiga ning valge muskuse, pat\u0161uli ja seedripuu vihjeid rikastavad l\u00f5hna.<\/p>\n","protected":false},"featured_media":3514,"comment_status":"closed","ping_status":"open","template":"","meta":{"_acf_changed":false},"product_brand":[],"product_cat":[237],"product_tag":[42],"class_list":{"0":"post-3319","1":"product","2":"type-product","3":"status-publish","4":"has-post-thumbnail","6":"product_cat-profumeria-inglese","7":"product_tag-sampoon","9":"first","10":"instock","11":"taxable","12":"shipping-taxable","13":"purchasable","14":"product-type-simple"},"group_of_quantity":384,"min_quantity":384,"max_quantity":"","exclude_order_quantity_value_rules":"no","exclude_category_quantity_rules":"no","combine_variations":"no","acf":[],"_links":{"self":[{"href":"https:\/\/nordicamenities.com\/lv\/wp-json\/wp\/v2\/product\/3319","targetHints":{"allow":["GET"]}}],"collection":[{"href":"https:\/\/nordicamenities.com\/lv\/wp-json\/wp\/v2\/product"}],"about":[{"href":"https:\/\/nordicamenities.com\/lv\/wp-json\/wp\/v2\/types\/product"}],"replies":[{"embeddable":true,"href":"https:\/\/nordicamenities.com\/lv\/wp-json\/wp\/v2\/comments?post=3319"}],"wp:featuredmedia":[{"embeddable":true,"href":"https:\/\/nordicamenities.com\/lv\/wp-json\/wp\/v2\/media\/3514"}],"wp:attachment":[{"href":"https:\/\/nordicamenities.com\/lv\/wp-json\/wp\/v2\/media?parent=3319"}],"wp:term":[{"taxonomy":"product_brand","embeddable":true,"href":"https:\/\/nordicamenities.com\/lv\/wp-json\/wp\/v2\/product_brand?post=3319"},{"taxonomy":"product_cat","embeddable":true,"href":"https:\/\/nordicamenities.com\/lv\/wp-json\/wp\/v2\/product_cat?post=3319"},{"taxonomy":"product_tag","embeddable":true,"href":"https:\/\/nordicamenities.com\/lv\/wp-json\/wp\/v2\/product_tag?post=3319"}],"curies":[{"name":"wp","href":"https:\/\/api.w.org\/{rel}","templated":true}]}}