{"id":3333,"date":"2024-09-10T07:56:40","date_gmt":"2024-09-10T05:56:40","guid":{"rendered":"https:\/\/nordicamenities.eu\/toode\/ihupiim-30ml-cocci-nella\/"},"modified":"2024-09-10T07:56:42","modified_gmt":"2024-09-10T05:56:42","slug":"ihupiim-30ml-cocci-nella","status":"publish","type":"product","link":"https:\/\/nordicamenities.com\/lv\/toode\/ihupiim-30ml-cocci-nella\/","title":{"rendered":"Ihupiim 30ml COCCI NELLA"},"content":{"rendered":"","protected":false},"excerpt":{"rendered":"<p>Cocci Nella on lastele p\u00fchendatud kosmeetikasari. L\u00f5bus, v\u00e4rviline ja magus l\u00f5hn, mis on koostatud riisi- ja malvaekstraktidega. Tooted on valmistatud tiheda ja \u00f5rna tekstuuriga ning pehmendavate ja v\u00e4rskendavate omadustega. 100% Made in Italy kosmeetika, dermatoloogiliselt testitud, ei sisalda  parabeene, SLS-i, v\u00e4rvaineid ja silikoone. Pastelsetes toonides graafika muudab selle kosmeetikasarja t\u00f5eliselt \u00f5rnaks ja meeldivaks nii emadele kui ka lastele.<\/p>\n","protected":false},"featured_media":0,"comment_status":"closed","ping_status":"open","template":"","meta":{"_acf_changed":false},"product_brand":[],"product_cat":[239],"product_tag":[45],"class_list":{"0":"post-3333","1":"product","2":"type-product","3":"status-publish","5":"product_cat-cocci-nella","6":"product_tag-ihupiim","8":"first","9":"instock","10":"taxable","11":"shipping-taxable","12":"product-type-simple"},"group_of_quantity":200,"min_quantity":200,"max_quantity":"","exclude_order_quantity_value_rules":"no","exclude_category_quantity_rules":"no","combine_variations":"no","acf":[],"_links":{"self":[{"href":"https:\/\/nordicamenities.com\/lv\/wp-json\/wp\/v2\/product\/3333","targetHints":{"allow":["GET"]}}],"collection":[{"href":"https:\/\/nordicamenities.com\/lv\/wp-json\/wp\/v2\/product"}],"about":[{"href":"https:\/\/nordicamenities.com\/lv\/wp-json\/wp\/v2\/types\/product"}],"replies":[{"embeddable":true,"href":"https:\/\/nordicamenities.com\/lv\/wp-json\/wp\/v2\/comments?post=3333"}],"wp:attachment":[{"href":"https:\/\/nordicamenities.com\/lv\/wp-json\/wp\/v2\/media?parent=3333"}],"wp:term":[{"taxonomy":"product_brand","embeddable":true,"href":"https:\/\/nordicamenities.com\/lv\/wp-json\/wp\/v2\/product_brand?post=3333"},{"taxonomy":"product_cat","embeddable":true,"href":"https:\/\/nordicamenities.com\/lv\/wp-json\/wp\/v2\/product_cat?post=3333"},{"taxonomy":"product_tag","embeddable":true,"href":"https:\/\/nordicamenities.com\/lv\/wp-json\/wp\/v2\/product_tag?post=3333"}],"curies":[{"name":"wp","href":"https:\/\/api.w.org\/{rel}","templated":true}]}}