{"id":3344,"date":"2024-09-10T07:56:40","date_gmt":"2024-09-10T05:56:40","guid":{"rendered":"https:\/\/nordicamenities.eu\/toode\/juukse-ja-kehasampoon-350ml-trend-toji\/"},"modified":"2024-09-10T07:56:45","modified_gmt":"2024-09-10T05:56:45","slug":"juukse-ja-kehasampoon-350ml-trend-toji","status":"publish","type":"product","link":"https:\/\/nordicamenities.com\/lv\/toode\/juukse-ja-kehasampoon-350ml-trend-toji\/","title":{"rendered":"Juukse- Ja Keha\u0161ampoon 350ml Trend TOJI"},"content":{"rendered":"","protected":false},"excerpt":{"rendered":"<p>TOJI: Yuzu rahustav aroom ja orgaanilise leedrimarja kaitsev toime kohtuvad minimalistlikus ja funktsionaalses kosmeetikasarjas. Iidsest Jaapani traditsioonist inspireeritud on Toji kummardus  heaolu ja sensuaalsuse poole. Emotsionaalne teekond, mis annab t\u00e4ielikult noorendava kogemuse.<br \/>\nL\u00d5HNAP\u00dcRAMIID<br \/>\nBergamoti, roosa greibi ja yuzu v\u00e4rsked ja tsitruselised l\u00f5hnad on t\u00e4iustatud mustas\u00f5stra, leedri\u00f5ie ja piparm\u00fcndiga. L\u00f5hna intensiivsust ja pikkust annavad valge puit ja muskus.<\/p>\n","protected":false},"featured_media":3201,"comment_status":"closed","ping_status":"open","template":"","meta":{"_acf_changed":false},"product_brand":[],"product_cat":[241,242,214],"product_tag":[194],"class_list":{"0":"post-3344","1":"product","2":"type-product","3":"status-publish","4":"has-post-thumbnail","6":"product_cat-toji","7":"product_cat-toji-trend","8":"product_cat-trend","9":"product_tag-juukse-ja-keha","11":"first","12":"instock","13":"taxable","14":"shipping-taxable","15":"purchasable","16":"product-type-simple"},"group_of_quantity":20,"min_quantity":20,"max_quantity":"","exclude_order_quantity_value_rules":"no","exclude_category_quantity_rules":"no","combine_variations":"no","acf":[],"_links":{"self":[{"href":"https:\/\/nordicamenities.com\/lv\/wp-json\/wp\/v2\/product\/3344","targetHints":{"allow":["GET"]}}],"collection":[{"href":"https:\/\/nordicamenities.com\/lv\/wp-json\/wp\/v2\/product"}],"about":[{"href":"https:\/\/nordicamenities.com\/lv\/wp-json\/wp\/v2\/types\/product"}],"replies":[{"embeddable":true,"href":"https:\/\/nordicamenities.com\/lv\/wp-json\/wp\/v2\/comments?post=3344"}],"wp:featuredmedia":[{"embeddable":true,"href":"https:\/\/nordicamenities.com\/lv\/wp-json\/wp\/v2\/media\/3201"}],"wp:attachment":[{"href":"https:\/\/nordicamenities.com\/lv\/wp-json\/wp\/v2\/media?parent=3344"}],"wp:term":[{"taxonomy":"product_brand","embeddable":true,"href":"https:\/\/nordicamenities.com\/lv\/wp-json\/wp\/v2\/product_brand?post=3344"},{"taxonomy":"product_cat","embeddable":true,"href":"https:\/\/nordicamenities.com\/lv\/wp-json\/wp\/v2\/product_cat?post=3344"},{"taxonomy":"product_tag","embeddable":true,"href":"https:\/\/nordicamenities.com\/lv\/wp-json\/wp\/v2\/product_tag?post=3344"}],"curies":[{"name":"wp","href":"https:\/\/api.w.org\/{rel}","templated":true}]}}