{"id":7773,"date":"2024-09-10T07:56:51","date_gmt":"2024-09-10T05:56:51","guid":{"rendered":"https:\/\/nordicamenities.com\/toode\/dusigeel-trend-320ml-find-your-eco-taidetav\/"},"modified":"2024-09-10T07:56:58","modified_gmt":"2024-09-10T05:56:58","slug":"dusigeel-trend-320ml-find-your-eco-taidetav","status":"publish","type":"product","link":"https:\/\/nordicamenities.com\/lv\/toode\/dusigeel-trend-320ml-find-your-eco-taidetav\/","title":{"rendered":"Du\u0161igeel TREND+ 320ml FIND YOUR ECO, T\u00e4idetav"},"content":{"rendered":"","protected":false},"excerpt":{"rendered":"<p>FIND YOUR ECO on kosmeetikasari, mis kehastab t\u00e4iuslikku tasakaalu j\u00e4tkusuutlikkuse ja ilu vahel. Kogu tootevalik on disainitud, formuleeritud, toodetud ja pakendatud vastavalt rangetele Ecolabel&#8217;i n\u00f5uetele, et tagada minimaalne keskkonnam\u00f5ju s\u00e4ilitades samas k\u00f5rge kvaliteedi.<\/p>\n","protected":false},"featured_media":7723,"comment_status":"closed","ping_status":"open","template":"","meta":{"_acf_changed":false},"product_brand":[],"product_cat":[363,362,214],"product_tag":[43],"class_list":{"0":"post-7773","1":"product","2":"type-product","3":"status-publish","4":"has-post-thumbnail","6":"product_cat-eco-trend","7":"product_cat-find-your-eco","8":"product_cat-trend","9":"product_tag-dusigeel","11":"first","12":"instock","13":"taxable","14":"shipping-taxable","15":"purchasable","16":"product-type-simple"},"group_of_quantity":20,"min_quantity":20,"max_quantity":"","exclude_order_quantity_value_rules":"no","exclude_category_quantity_rules":"no","combine_variations":"no","acf":[],"_links":{"self":[{"href":"https:\/\/nordicamenities.com\/lv\/wp-json\/wp\/v2\/product\/7773","targetHints":{"allow":["GET"]}}],"collection":[{"href":"https:\/\/nordicamenities.com\/lv\/wp-json\/wp\/v2\/product"}],"about":[{"href":"https:\/\/nordicamenities.com\/lv\/wp-json\/wp\/v2\/types\/product"}],"replies":[{"embeddable":true,"href":"https:\/\/nordicamenities.com\/lv\/wp-json\/wp\/v2\/comments?post=7773"}],"wp:featuredmedia":[{"embeddable":true,"href":"https:\/\/nordicamenities.com\/lv\/wp-json\/wp\/v2\/media\/7723"}],"wp:attachment":[{"href":"https:\/\/nordicamenities.com\/lv\/wp-json\/wp\/v2\/media?parent=7773"}],"wp:term":[{"taxonomy":"product_brand","embeddable":true,"href":"https:\/\/nordicamenities.com\/lv\/wp-json\/wp\/v2\/product_brand?post=7773"},{"taxonomy":"product_cat","embeddable":true,"href":"https:\/\/nordicamenities.com\/lv\/wp-json\/wp\/v2\/product_cat?post=7773"},{"taxonomy":"product_tag","embeddable":true,"href":"https:\/\/nordicamenities.com\/lv\/wp-json\/wp\/v2\/product_tag?post=7773"}],"curies":[{"name":"wp","href":"https:\/\/api.w.org\/{rel}","templated":true}]}}