{"id":7786,"date":"2024-09-10T07:57:01","date_gmt":"2024-09-10T05:57:01","guid":{"rendered":"https:\/\/nordicamenities.com\/toode\/juuksepalsam-5l-amoenia\/"},"modified":"2024-09-10T08:07:47","modified_gmt":"2024-09-10T06:07:47","slug":"juuksepalsam-5l-amoenia","status":"publish","type":"product","link":"https:\/\/nordicamenities.com\/lv\/toode\/juuksepalsam-5l-amoenia\/","title":{"rendered":"Juuksepalsam 5L AMOENIA"},"content":{"rendered":"<p>AMOENIA on t\u00e4iuslik tootesari, mis \u00fchendab keha ilu ja \u00f5rnuse austusega meie \u00fcmbritseva keskkonna vastu, pakkudes eksklusiivset heaolukogemust. Cosmos-sertifikaadiga looduslike koostisosadega formuleeritud kollektsioon sobib ideaalselt k\u00f5ikidele naha- ja juukset\u00fc\u00fcpidele, tagades dermatoloogiliselt testitud toodete ohutuse ja \u00f5rnuse tundlikul nahal. Kogu tootesarja koostis on hoolikalt valitud, et tagada maksimaalne kvaliteet ja t\u00f5husus, austades nii keha kui ka keskkonda.<\/p>\n","protected":false},"excerpt":{"rendered":"<p>Valem, mis on rikastatud orgaaniliselt kasvatatud koostisosadega nagu mandli\u00f5li, sheav\u00f5i ja aaloemahl, niisutab ja taastab juukseid, j\u00e4ttes need pehmeks ja pusavabaks.<\/p>\n","protected":false},"featured_media":7673,"comment_status":"closed","ping_status":"closed","template":"","meta":{"_acf_changed":false},"product_brand":[],"product_cat":[364],"product_tag":[44],"class_list":{"0":"post-7786","1":"product","2":"type-product","3":"status-publish","4":"has-post-thumbnail","6":"product_cat-amoenia","7":"product_tag-juuksepalsam","9":"first","10":"instock","11":"taxable","12":"shipping-taxable","13":"purchasable","14":"product-type-simple"},"group_of_quantity":2,"min_quantity":2,"max_quantity":"","exclude_order_quantity_value_rules":"no","exclude_category_quantity_rules":"no","combine_variations":"no","acf":[],"_links":{"self":[{"href":"https:\/\/nordicamenities.com\/lv\/wp-json\/wp\/v2\/product\/7786","targetHints":{"allow":["GET"]}}],"collection":[{"href":"https:\/\/nordicamenities.com\/lv\/wp-json\/wp\/v2\/product"}],"about":[{"href":"https:\/\/nordicamenities.com\/lv\/wp-json\/wp\/v2\/types\/product"}],"replies":[{"embeddable":true,"href":"https:\/\/nordicamenities.com\/lv\/wp-json\/wp\/v2\/comments?post=7786"}],"wp:featuredmedia":[{"embeddable":true,"href":"https:\/\/nordicamenities.com\/lv\/wp-json\/wp\/v2\/media\/7673"}],"wp:attachment":[{"href":"https:\/\/nordicamenities.com\/lv\/wp-json\/wp\/v2\/media?parent=7786"}],"wp:term":[{"taxonomy":"product_brand","embeddable":true,"href":"https:\/\/nordicamenities.com\/lv\/wp-json\/wp\/v2\/product_brand?post=7786"},{"taxonomy":"product_cat","embeddable":true,"href":"https:\/\/nordicamenities.com\/lv\/wp-json\/wp\/v2\/product_cat?post=7786"},{"taxonomy":"product_tag","embeddable":true,"href":"https:\/\/nordicamenities.com\/lv\/wp-json\/wp\/v2\/product_tag?post=7786"}],"curies":[{"name":"wp","href":"https:\/\/api.w.org\/{rel}","templated":true}]}}