{"id":9799,"date":"2026-01-07T13:30:18","date_gmt":"2026-01-07T11:30:18","guid":{"rendered":"https:\/\/nordicamenities.com\/toode\/vannimatt-50x70-valge-kreeka-jalajaljed-650g-m2\/"},"modified":"2026-01-07T13:30:19","modified_gmt":"2026-01-07T11:30:19","slug":"vannimatt-50x70-valge-kreeka-jalajaljed-650g-m2","status":"publish","type":"product","link":"https:\/\/nordicamenities.com\/lv\/toode\/vannimatt-50x70-valge-kreeka-jalajaljed-650g-m2\/","title":{"rendered":"Vannimatt 50&#215;70 valge Kreeka jalaj\u00e4ljed 650g\/m2"},"content":{"rendered":"<p>Vanniamt on vannitoas nii praktiline kui ka mugav kaaslane. P\u00e4rast du\u0161\u0161i v\u00f5i vanni on eriti m\u00f5nus astuda pehmele, sooja tundega vaibale, mis samal ajal aitab v\u00e4ltida libisemist m\u00e4rjal p\u00f5randal. Lisaks turvalisusele pakub vannimatt vannitoale ka stiilset visuaalset aktsenti, mida saab v\u00e4rvitoonide j\u00e4rgi interj\u00f6\u00f6riga sobitada.<\/p>\n<p>Looduslikust puuvillast vannimatt on kohevuse, pehmuse ja hea imavuse poolest hinnatud nii t\u00e4iskasvanute kui ka laste seas. Vaip p\u00fcsib kindlalt paigal ka m\u00e4rjal p\u00f5randal ja t\u00e4iustab suurep\u00e4raselt vannitoa r\u00e4tikute komplekti.<\/p>\n<p>Toode on valmistatud OEKO-TEX\u00ae STANDARD 100 sertifitseeritud kangast, mis tagab materjali ohutuse, nahas\u00f5bralikkuse ja sobivuse ka lastele.<\/p>\n","protected":false},"excerpt":{"rendered":"<p>M\u00f5\u00f5t: 50x70cm<br \/>\n100% puuvill<br \/>\nGrammkaal 650g\/m2<br \/>\nValmistatud OEKO-TEX\u00ae STANDARD 100 sertifitseeritud kangast.<\/p>\n","protected":false},"featured_media":9788,"comment_status":"closed","ping_status":"open","template":"","meta":{"_acf_changed":false},"product_brand":[],"product_cat":[380],"product_tag":[],"class_list":{"0":"post-9799","1":"product","2":"type-product","3":"status-publish","4":"has-post-thumbnail","6":"product_cat-vannimatid","8":"first","9":"instock","10":"taxable","11":"shipping-taxable","12":"purchasable","13":"product-type-simple"},"group_of_quantity":1,"min_quantity":1,"max_quantity":"","exclude_order_quantity_value_rules":"no","exclude_category_quantity_rules":"no","combine_variations":"no","acf":[],"_links":{"self":[{"href":"https:\/\/nordicamenities.com\/lv\/wp-json\/wp\/v2\/product\/9799","targetHints":{"allow":["GET"]}}],"collection":[{"href":"https:\/\/nordicamenities.com\/lv\/wp-json\/wp\/v2\/product"}],"about":[{"href":"https:\/\/nordicamenities.com\/lv\/wp-json\/wp\/v2\/types\/product"}],"replies":[{"embeddable":true,"href":"https:\/\/nordicamenities.com\/lv\/wp-json\/wp\/v2\/comments?post=9799"}],"wp:featuredmedia":[{"embeddable":true,"href":"https:\/\/nordicamenities.com\/lv\/wp-json\/wp\/v2\/media\/9788"}],"wp:attachment":[{"href":"https:\/\/nordicamenities.com\/lv\/wp-json\/wp\/v2\/media?parent=9799"}],"wp:term":[{"taxonomy":"product_brand","embeddable":true,"href":"https:\/\/nordicamenities.com\/lv\/wp-json\/wp\/v2\/product_brand?post=9799"},{"taxonomy":"product_cat","embeddable":true,"href":"https:\/\/nordicamenities.com\/lv\/wp-json\/wp\/v2\/product_cat?post=9799"},{"taxonomy":"product_tag","embeddable":true,"href":"https:\/\/nordicamenities.com\/lv\/wp-json\/wp\/v2\/product_tag?post=9799"}],"curies":[{"name":"wp","href":"https:\/\/api.w.org\/{rel}","templated":true}]}}